{"id":94,"date":"2015-08-12T16:23:19","date_gmt":"2015-08-12T14:23:19","guid":{"rendered":"http:\/\/der-jaeger.at\/wordpress\/?page_id=94"},"modified":"2021-06-18T00:14:18","modified_gmt":"2021-06-17T22:14:18","slug":"impressum","status":"publish","type":"page","link":"http:\/\/der-jaeger.at\/wordpress\/?page_id=94","title":{"rendered":"Impressum"},"content":{"rendered":"<div id=\"pl-94\"  class=\"panel-layout\" ><div id=\"pg-94-0\"  class=\"panel-grid panel-has-style\" ><div class=\"panel-row-style panel-row-style-for-94-0\" ><div id=\"pgc-94-0-0\"  class=\"panel-grid-cell\" ><div id=\"panel-94-0-0-0\" class=\"so-panel widget widget_black-studio-tinymce widget_black_studio_tinymce panel-first-child panel-last-child\" data-index=\"0\" ><div class=\"panel-widget-style panel-widget-style-for-94-0-0-0\" ><div class=\"textwidget\"><p><img class=\"alignnone wp-image-149 size-full\" src=\"http:\/\/der-jaeger.at\/wordpress\/wp-content\/uploads\/2015\/08\/albert.jpg\" alt=\"albert\" width=\"200\" height=\"290\" \/><\/p>\n<p>&nbsp;<\/p>\n<\/div><\/div><\/div><\/div><div id=\"pgc-94-0-1\"  class=\"panel-grid-cell\" ><div id=\"panel-94-0-1-0\" class=\"so-panel widget widget_black-studio-tinymce widget_black_studio_tinymce panel-first-child panel-last-child\" data-index=\"1\" ><div class=\"panel-widget-style panel-widget-style-for-94-0-1-0\" ><div class=\"textwidget\"><p><span class=\"fettklein\"><\/p>\n<h2>Der J\u00e4ger Waffenhandel GesmbH<\/h2>\n<p><\/span><br \/>\nWienerstra\u00dfe 49<br \/>\nA-8600 Bruck an der Mur<\/p>\n<p>Albert Tschertou<br \/>\nGesch\u00e4ftsf\u00fchrer<br \/>\n<a href=\"mailto:info@der-jaeger.at\"><br \/>\ninfo@der-jaeger.at<br \/>\n<\/a>+43 676\/844 184 184<\/p>\n<p>Raiffeisen Bank, BLZ: 38460<br \/>\nKtnNr.: 00010401610<br \/>\nBIC: RZSTAT2G460<br \/>\nIBAN: AT85 3846 0000 1040 1610<\/p>\n<p>Gerichtsstand Bruck an der Mur<br \/>\nUID-Nr. ATU 68548547<br \/>\nFirmenbuchnr.: 412193t<\/p>\n<\/div><\/div><\/div><\/div><\/div><\/div><\/div>","protected":false},"excerpt":{"rendered":"<p>&nbsp; Der J\u00e4ger Waffenhandel GesmbH Wienerstra\u00dfe 49 A-8600 Bruck an der Mur Albert Tschertou Gesch\u00e4ftsf\u00fchrer info@der-jaeger.at +43 676\/844 184 184 Raiffeisen Bank, BLZ: 38460 KtnNr.: 00010401610 BIC: RZSTAT2G460 IBAN: AT85 3846 0000 1040 1610 Gerichtsstand Bruck an der Mur UID-Nr. ATU 68548547 Firmenbuchnr.: 412193t<\/p>\n","protected":false},"author":2,"featured_media":0,"parent":0,"menu_order":0,"comment_status":"closed","ping_status":"closed","template":"","meta":[],"_links":{"self":[{"href":"http:\/\/der-jaeger.at\/wordpress\/index.php?rest_route=\/wp\/v2\/pages\/94"}],"collection":[{"href":"http:\/\/der-jaeger.at\/wordpress\/index.php?rest_route=\/wp\/v2\/pages"}],"about":[{"href":"http:\/\/der-jaeger.at\/wordpress\/index.php?rest_route=\/wp\/v2\/types\/page"}],"author":[{"embeddable":true,"href":"http:\/\/der-jaeger.at\/wordpress\/index.php?rest_route=\/wp\/v2\/users\/2"}],"replies":[{"embeddable":true,"href":"http:\/\/der-jaeger.at\/wordpress\/index.php?rest_route=%2Fwp%2Fv2%2Fcomments&post=94"}],"version-history":[{"count":15,"href":"http:\/\/der-jaeger.at\/wordpress\/index.php?rest_route=\/wp\/v2\/pages\/94\/revisions"}],"predecessor-version":[{"id":1506,"href":"http:\/\/der-jaeger.at\/wordpress\/index.php?rest_route=\/wp\/v2\/pages\/94\/revisions\/1506"}],"wp:attachment":[{"href":"http:\/\/der-jaeger.at\/wordpress\/index.php?rest_route=%2Fwp%2Fv2%2Fmedia&parent=94"}],"curies":[{"name":"wp","href":"https:\/\/api.w.org\/{rel}","templated":true}]}}