{"id":92,"date":"2015-08-12T16:22:24","date_gmt":"2015-08-12T14:22:24","guid":{"rendered":"http:\/\/der-jaeger.at\/wordpress\/?page_id=92"},"modified":"2015-09-28T13:23:19","modified_gmt":"2015-09-28T11:23:19","slug":"das-geschaeft","status":"publish","type":"page","link":"http:\/\/der-jaeger.at\/wordpress\/?page_id=92","title":{"rendered":"\u00dcber uns"},"content":{"rendered":"<div id=\"pl-92\"  class=\"panel-layout\" ><div id=\"pg-92-0\"  class=\"panel-grid panel-has-style\" ><div class=\"panel-row-style panel-row-style-for-92-0\" ><div id=\"pgc-92-0-0\"  class=\"panel-grid-cell\" ><div id=\"panel-92-0-0-0\" class=\"so-panel widget widget_black-studio-tinymce widget_black_studio_tinymce panel-first-child panel-last-child\" data-index=\"0\" ><div class=\"panel-widget-style panel-widget-style-for-92-0-0-0\" ><div class=\"textwidget\"><p><a href=\"http:\/\/der-jaeger.at\/wordpress\/wp-content\/uploads\/2015\/08\/slider4.jpg\" rel=\"lightbox[92]\"><img class=\"alignnone size-full wp-image-128\" src=\"http:\/\/der-jaeger.at\/wordpress\/wp-content\/uploads\/2015\/08\/slider4.jpg\" alt=\"slider4\" width=\"1060\" height=\"530\" \/><\/a><\/p>\n<p><a href=\"http:\/\/der-jaeger.at\/wordpress\/wp-content\/uploads\/2015\/08\/slider5.jpg\" rel=\"lightbox[92]\"><img class=\"alignnone size-full wp-image-129\" src=\"http:\/\/der-jaeger.at\/wordpress\/wp-content\/uploads\/2015\/08\/slider5.jpg\" alt=\"slider5\" width=\"1060\" height=\"530\" \/><\/a><\/p>\n<p><a href=\"http:\/\/der-jaeger.at\/wordpress\/wp-content\/uploads\/2015\/08\/slider7.jpg\" rel=\"lightbox[92]\"><img class=\"alignnone size-full wp-image-130\" src=\"http:\/\/der-jaeger.at\/wordpress\/wp-content\/uploads\/2015\/08\/slider7.jpg\" alt=\"slider7\" width=\"1060\" height=\"530\" \/><\/a><\/p>\n<p><a href=\"http:\/\/der-jaeger.at\/wordpress\/wp-content\/uploads\/2015\/08\/slider8.jpg\" rel=\"lightbox[92]\"><img class=\"alignnone size-full wp-image-131\" src=\"http:\/\/der-jaeger.at\/wordpress\/wp-content\/uploads\/2015\/08\/slider8.jpg\" alt=\"slider8\" width=\"1060\" height=\"530\" \/><\/a><\/p>\n<\/div><\/div><\/div><\/div><div id=\"pgc-92-0-1\"  class=\"panel-grid-cell\" ><div id=\"panel-92-0-1-0\" class=\"so-panel widget widget_black-studio-tinymce widget_black_studio_tinymce panel-first-child panel-last-child\" data-index=\"1\" ><div class=\"panel-widget-style panel-widget-style-for-92-0-1-0\" ><div class=\"textwidget\"><h2>\u00a0<\/h2>\n<h2><span class=\"fett\">Jagd und Sportwaffen<\/span><\/h2>\n<p>Wir f\u00fchren Jagd &amp; Sportwaffen s\u00e4mtlicher g\u00e4ngiger Hersteller.<\/p>\n<h2><span class=\"fett\">Optik und Gl\u00e4ser<\/span><\/h2>\n<p>Da wir uns selbst der Jagd und Natur verschrieben haben, wissen wir ganz genau, worauf es ankommt: das Sehen, das Erkennen, das Entdecken und die Zielerfassung. Es ist unsere Motivation, Ihnen f\u00fcr Ihre Bed\u00fcrfnisse optimale Glas bzw. Zieloptik abzustimmen sei es f\u00fcr Tag oder Nacht.<\/p>\n<h2><span class=\"fett\">Schuhe und Bekleidung<\/span><\/h2>\n<p>Die Auswahl an Jagd- und Outdoorbekleidung ist umfangreich.<br \/>F\u00fcr die J\u00e4gerin und den J\u00e4ger stehen von Kopf bis Fu\u00df passende Produkte zur Verf\u00fcgung.<\/p>\n<h2><span class=\"fett\">Zubeh\u00f6r<\/span><\/h2>\n<p>Bei uns finden Sie diverses Zubeh\u00f6r f\u00fcr Waffen, Wiederladen, Schiessen, Zieloptiken, B\u00fccher, Scheiben, Messer, Putzzeug, Geh\u00f6rschutz, Bekleidung usw\u2026.<\/p>\n<h2><span class=\"fett\">Gebrauchtwaffen<\/span><\/h2>\n<p>Das Angebot wird w\u00f6chentlich aktualisiert, daher ist es m\u00f6glich, dass ein Angebot bereits verkauft ist, bitte fragen Sie nach, ob der betreffende Artikel noch verf\u00fcgbar ist. Wir beraten Sie gerne bei uns im Gesch\u00e4ft oder aber auch telefonisch.<br \/>Wir \u00fcbernehmen auch Ihre Waffe in den Kommissionsverkauf.<\/p>\n<\/div><\/div><\/div><\/div><\/div><\/div><\/div>","protected":false},"excerpt":{"rendered":"<p>\u00a0Jagd und SportwaffenWir f\u00fchren Jagd &amp; Sportwaffen s\u00e4mtlicher g\u00e4ngiger Hersteller.Optik und Gl\u00e4serDa wir uns selbst der Jagd und Natur verschrieben haben, wissen wir ganz genau, worauf es ankommt: das Sehen, das Erkennen, das Entdecken und die Zielerfassung. Es ist unsere Motivation, Ihnen f\u00fcr Ihre Bed\u00fcrfnisse optimale Glas bzw. Zieloptik abzustimmen sei es f\u00fcr Tag oder [&hellip;]<\/p>\n","protected":false},"author":2,"featured_media":0,"parent":0,"menu_order":0,"comment_status":"closed","ping_status":"closed","template":"","meta":[],"_links":{"self":[{"href":"http:\/\/der-jaeger.at\/wordpress\/index.php?rest_route=\/wp\/v2\/pages\/92"}],"collection":[{"href":"http:\/\/der-jaeger.at\/wordpress\/index.php?rest_route=\/wp\/v2\/pages"}],"about":[{"href":"http:\/\/der-jaeger.at\/wordpress\/index.php?rest_route=\/wp\/v2\/types\/page"}],"author":[{"embeddable":true,"href":"http:\/\/der-jaeger.at\/wordpress\/index.php?rest_route=\/wp\/v2\/users\/2"}],"replies":[{"embeddable":true,"href":"http:\/\/der-jaeger.at\/wordpress\/index.php?rest_route=%2Fwp%2Fv2%2Fcomments&post=92"}],"version-history":[{"count":11,"href":"http:\/\/der-jaeger.at\/wordpress\/index.php?rest_route=\/wp\/v2\/pages\/92\/revisions"}],"predecessor-version":[{"id":228,"href":"http:\/\/der-jaeger.at\/wordpress\/index.php?rest_route=\/wp\/v2\/pages\/92\/revisions\/228"}],"wp:attachment":[{"href":"http:\/\/der-jaeger.at\/wordpress\/index.php?rest_route=%2Fwp%2Fv2%2Fmedia&parent=92"}],"curies":[{"name":"wp","href":"https:\/\/api.w.org\/{rel}","templated":true}]}}